{"id":1735,"date":"2023-08-30T19:46:58","date_gmt":"2023-08-30T19:46:58","guid":{"rendered":"https:\/\/validthemes.net\/themeforest\/wp\/consua\/?page_id=1735"},"modified":"2025-03-04T00:30:48","modified_gmt":"2025-03-04T00:30:48","slug":"projects","status":"publish","type":"page","link":"https:\/\/erboryalitim.com\/index.php\/projects\/","title":{"rendered":"Projelerimiz"},"content":{"rendered":"\t\t<div data-elementor-type=\"wp-page\" data-elementor-id=\"1735\" class=\"elementor elementor-1735\">\n\t\t\t\t\t\t<section class=\"elementor-section elementor-top-section elementor-element elementor-element-677eeea elementor-section-full_width elementor-section-height-default elementor-section-height-default\" data-id=\"677eeea\" data-element_type=\"section\">\n\t\t\t\t\t\t<div class=\"elementor-container elementor-column-gap-no\">\n\t\t\t\t\t<div class=\"elementor-column elementor-col-100 elementor-top-column elementor-element elementor-element-6daee47\" data-id=\"6daee47\" data-element_type=\"column\">\n\t\t\t<div class=\"elementor-widget-wrap elementor-element-populated\">\n\t\t\t\t\t\t<div class=\"elementor-element elementor-element-e821d3c elementor-widget elementor-widget-consua_project\" data-id=\"e821d3c\" data-element_type=\"widget\" data-widget_type=\"consua_project.default\">\n\t\t\t\t<div class=\"elementor-widget-container\">\n\t\t\t\t\t\r\n    <!-- Start Project Style Two\r\n    ============================================= -->\r\n    <div class=\"project-style-two-area bg-gray default-padding\">\r\n    \t\t        <div class=\"container\">\r\n\t            <div class=\"row\">\r\n\t                <div class=\"col-lg-8 offset-lg-2\">\r\n\t                    <div class=\"site-heading text-center\">\r\n\t                        \t                        \t<h4 class=\"sub-heading\"> Dayan\u0131kl\u0131, g\u00fcvenli ve enerji tasarruflu yal\u0131t\u0131m uygulamalar\u0131m\u0131zla sekt\u00f6rde fark yarat\u0131yoruz.<\/h4>\r\n\t                    \t\t                    \t\t                        \t<h2 class=\"title\">Tamamlanan Projelerimiz !<\/h2>\r\n\t                        \t                        <div class=\"devider\"><\/div>\r\n\t                    <\/div>\r\n\t                <\/div>\r\n\t            <\/div>\r\n\t        <\/div>\r\n    \t        <div class=\"container\">\r\n            <div class=\"container\">\r\n                <div class=\"row\">\r\n                    <div class=\"col-md-12 gallery-content\">\r\n                        <div class=\"magnific-mix-gallery gallery-masonary\">\r\n                            <div id=\"gallery-masonary\" class=\"gallery-items colums-2\">\r\n                            \t\t                                <!-- Single Item -->\r\n\t                                <div class=\"gallery-item active\">\r\n\t                                    <div class=\"gallery-style-two\">\r\n\t                                    \t\t                                        \t<img decoding=\"async\" src=\"https:\/\/erboryalitim.com\/wp-content\/uploads\/2025\/02\/Dogubayazit-Coktin-Lisesi.jpg\" alt=\"Erbor Yal\u0131t\u0131m\">\r\n\t                                        \t                                        \t\t                                        <div class=\"shape\">\r\n\t\t                                            <img decoding=\"async\" src=\"https:\/\/validthemes.net\/themeforest\/wp\/consua\/wp-content\/uploads\/2023\/08\/35.png\" alt=\"Erbor Yal\u0131t\u0131m\">\r\n\t\t                                        <\/div>\r\n\t                                    \t\t                                        <div class=\"overlay\">\r\n\t                                            <div class=\"content\">\r\n\t                                                <span>E\u011fitim kurumlar\u0131 i\u00e7in uzun \u00f6m\u00fcrl\u00fc ve dayan\u0131kl\u0131 yal\u0131t\u0131m \u00e7\u00f6z\u00fcmleri.<\/span>\r\n\t                                                <h4><a href=\"https:\/\/validthemes.net\/themeforest\/wp\/consua\/project-details\/\">Do\u011fubayaz\u0131t \u00c7oktin Lisesi \u2013 Poli\u00fcretan K\u00f6p\u00fck Uygulamas\u0131<\/a><\/h4>\r\n\t                                            <\/div>\r\n\t                                        <\/div>\r\n\t                                    <\/div>\r\n\t                                <\/div>\r\n\t                                <!-- End Single Item -->\r\n                               \t\t                                <!-- Single Item -->\r\n\t                                <div class=\"gallery-item\">\r\n\t                                    <div class=\"gallery-style-two\">\r\n\t                                    \t\t                                        \t<img decoding=\"async\" src=\"https:\/\/erboryalitim.com\/wp-content\/uploads\/2025\/02\/Agri-Emniyet-Mudurlugu-Ozel-Harekat.jpg\" alt=\"Erbor Yal\u0131t\u0131m\">\r\n\t                                        \t                                        \t\t                                        <div class=\"shape\">\r\n\t\t                                            <img decoding=\"async\" src=\"https:\/\/validthemes.net\/themeforest\/wp\/consua\/wp-content\/uploads\/2023\/08\/35.png\" alt=\"Erbor Yal\u0131t\u0131m\">\r\n\t\t                                        <\/div>\r\n\t                                    \t\t                                        <div class=\"overlay\">\r\n\t                                            <div class=\"content\">\r\n\t                                                <span>Kamu binalar\u0131nda \u0131s\u0131 ve ses yal\u0131t\u0131m\u0131nda \u00fcst\u00fcn performans.<\/span>\r\n\t                                                <h4><a href=\"https:\/\/validthemes.net\/themeforest\/wp\/consua\/project-details\/\">A\u011fr\u0131 Emniyet M\u00fcd\u00fcrl\u00fc\u011f\u00fc \u00d6zel Harekat \u2013 K\u00f6p\u00fck Uygulamas\u0131<\/a><\/h4>\r\n\t                                            <\/div>\r\n\t                                        <\/div>\r\n\t                                    <\/div>\r\n\t                                <\/div>\r\n\t                                <!-- End Single Item -->\r\n                               \t\t                                <!-- Single Item -->\r\n\t                                <div class=\"gallery-item\">\r\n\t                                    <div class=\"gallery-style-two\">\r\n\t                                    \t\t                                        \t<img decoding=\"async\" src=\"https:\/\/erboryalitim.com\/wp-content\/uploads\/2025\/02\/Kars-Sarikamis-Kayak-Merkezi-Sarpino-Hotel.jpg\" alt=\"Erbor Yal\u0131t\u0131m\">\r\n\t                                        \t                                        \t\t                                        <div class=\"shape\">\r\n\t\t                                            <img decoding=\"async\" src=\"https:\/\/validthemes.net\/themeforest\/wp\/consua\/wp-content\/uploads\/2023\/08\/35.png\" alt=\"Erbor Yal\u0131t\u0131m\">\r\n\t\t                                        <\/div>\r\n\t                                    \t\t                                        <div class=\"overlay\">\r\n\t                                            <div class=\"content\">\r\n\t                                                <span>Zorlu hava ko\u015fullar\u0131na dayan\u0131kl\u0131 izolasyon \u00e7\u00f6z\u00fcmleri.<\/span>\r\n\t                                                <h4><a href=\"https:\/\/validthemes.net\/themeforest\/wp\/consua\/project-details\/\">Kars Sar\u0131kam\u0131\u015f Kayak Merkezi Sarp\u0131no Hotel \u2013 Poli\u00fcretan K\u00f6p\u00fck Su \u0130zolasyonu<\/a><\/h4>\r\n\t                                            <\/div>\r\n\t                                        <\/div>\r\n\t                                    <\/div>\r\n\t                                <\/div>\r\n\t                                <!-- End Single Item -->\r\n                               \t\t                                <!-- Single Item -->\r\n\t                                <div class=\"gallery-item\">\r\n\t                                    <div class=\"gallery-style-two\">\r\n\t                                    \t\t                                        \t<img decoding=\"async\" src=\"https:\/\/erboryalitim.com\/wp-content\/uploads\/2025\/02\/Dogubayazit-Elit-Apart.jpg\" alt=\"Erbor Yal\u0131t\u0131m\">\r\n\t                                        \t                                        \t                                        <div class=\"overlay\">\r\n\t                                            <div class=\"content\">\r\n\t                                                <span>Konforlu ve enerji tasarruflu ya\u015fam alanlar\u0131 i\u00e7in k\u00f6p\u00fck yal\u0131t\u0131m.<\/span>\r\n\t                                                <h4><a href=\"#\">Do\u011fubayaz\u0131t Elit Apart \u2013 Poli\u00fcretan K\u00f6p\u00fck Uygulamas\u0131<\/a><\/h4>\r\n\t                                            <\/div>\r\n\t                                        <\/div>\r\n\t                                    <\/div>\r\n\t                                <\/div>\r\n\t                                <!-- End Single Item -->\r\n                               \t\t                                <!-- Single Item -->\r\n\t                                <div class=\"gallery-item\">\r\n\t                                    <div class=\"gallery-style-two\">\r\n\t                                    \t\t                                        \t<img decoding=\"async\" src=\"https:\/\/erboryalitim.com\/wp-content\/uploads\/2025\/02\/Patnos-Esin-Insaat.jpg\" alt=\"Erbor Yal\u0131t\u0131m\">\r\n\t                                        \t                                        \t                                        <div class=\"overlay\">\r\n\t                                            <div class=\"content\">\r\n\t                                                <span>Modern yap\u0131lar i\u00e7in etkili yal\u0131t\u0131m \u00e7\u00f6z\u00fcmleri sunuyoruz.<\/span>\r\n\t                                                <h4><a href=\"#\">Patnos E\u015fin \u0130n\u015faat \u2013 Poli\u00fcretan K\u00f6p\u00fck Uygulamas\u0131<\/a><\/h4>\r\n\t                                            <\/div>\r\n\t                                        <\/div>\r\n\t                                    <\/div>\r\n\t                                <\/div>\r\n\t                                <!-- End Single Item -->\r\n                               \t\t                                <!-- Single Item -->\r\n\t                                <div class=\"gallery-item\">\r\n\t                                    <div class=\"gallery-style-two\">\r\n\t                                    \t\t                                        \t<img decoding=\"async\" src=\"https:\/\/erboryalitim.com\/wp-content\/uploads\/2025\/02\/Kars-Merkez-Mihman-Konak-Otel.jpeg\" alt=\"Erbor Yal\u0131t\u0131m\">\r\n\t                                        \t                                        \t                                        <div class=\"overlay\">\r\n\t                                            <div class=\"content\">\r\n\t                                                <span>Borlu yal\u0131t\u0131m ile y\u00fcksek \u0131s\u0131 ve ses izolasyonu sa\u011fland\u0131.<\/span>\r\n\t                                                <h4><a href=\"#\">Kars Merkez Mihman Konak Otel \u2013 Bor Yal\u0131t\u0131m Uygulamas\u0131<\/a><\/h4>\r\n\t                                            <\/div>\r\n\t                                        <\/div>\r\n\t                                    <\/div>\r\n\t                                <\/div>\r\n\t                                <!-- End Single Item -->\r\n                               \t\t                                <!-- Single Item -->\r\n\t                                <div class=\"gallery-item\">\r\n\t                                    <div class=\"gallery-style-two\">\r\n\t                                    \t\t                                        \t<img decoding=\"async\" src=\"https:\/\/erboryalitim.com\/wp-content\/uploads\/2025\/02\/Igdir-Sukut-Tuz-A.S.-\u2013-Kopuk-Uygulamasi.jpg\" alt=\"Erbor Yal\u0131t\u0131m\">\r\n\t                                        \t                                        \t                                        <div class=\"overlay\">\r\n\t                                            <div class=\"content\">\r\n\t                                                <span>Sa\u011fl\u0131k ve terapi merkezlerinde maksimum verimli izolasyon.<\/span>\r\n\t                                                <h4><a href=\"#\">I\u011fd\u0131r S\u00fcrkit LTD \u015eT\u0130 Tuz Terapi Merkezi \u2013 K\u00f6p\u00fck Yal\u0131t\u0131m\u0131<\/a><\/h4>\r\n\t                                            <\/div>\r\n\t                                        <\/div>\r\n\t                                    <\/div>\r\n\t                                <\/div>\r\n\t                                <!-- End Single Item -->\r\n                               \t\t                                <!-- Single Item -->\r\n\t                                <div class=\"gallery-item\">\r\n\t                                    <div class=\"gallery-style-two\">\r\n\t                                    \t\t                                        \t<img decoding=\"async\" src=\"https:\/\/erboryalitim.com\/wp-content\/uploads\/2025\/02\/Elit-Apart-ve-Star-Apart-agri.jpeg\" alt=\"Erbor Yal\u0131t\u0131m\">\r\n\t                                        \t                                        \t                                        <div class=\"overlay\">\r\n\t                                            <div class=\"content\">\r\n\t                                                <span>Bina cephelerinde \u0131s\u0131 ve ses yal\u0131t\u0131m\u0131 ile y\u00fcksek enerji tasarrufu.<\/span>\r\n\t                                                <h4><a href=\"#\">Elit Apart ve Star Apart (A\u011fr\u0131 Do\u011fubayaz\u0131t) \u2013 K\u00f6r Cephe K\u00f6p\u00fck Uygulamas\u0131<\/a><\/h4>\r\n\t                                            <\/div>\r\n\t                                        <\/div>\r\n\t                                    <\/div>\r\n\t                                <\/div>\r\n\t                                <!-- End Single Item -->\r\n                               \t\t                                <!-- Single Item -->\r\n\t                                <div class=\"gallery-item\">\r\n\t                                    <div class=\"gallery-style-two\">\r\n\t                                    \t\t                                        \t<img decoding=\"async\" src=\"https:\/\/erboryalitim.com\/wp-content\/uploads\/2025\/02\/Patnos-Lal-Et-Lokantasi.jpg\" alt=\"Erbor Yal\u0131t\u0131m\">\r\n\t                                        \t                                        \t                                        <div class=\"overlay\">\r\n\t                                            <div class=\"content\">\r\n\t                                                <span>Restoranlarda ideal \u0131s\u0131 yal\u0131t\u0131m\u0131 ve konforlu ortam.<\/span>\r\n\t                                                <h4><a href=\"#\">Patnos Lal Et Lokantas\u0131 \u2013 Poli\u00fcretan K\u00f6p\u00fck Uygulamas\u0131<\/a><\/h4>\r\n\t                                            <\/div>\r\n\t                                        <\/div>\r\n\t                                    <\/div>\r\n\t                                <\/div>\r\n\t                                <!-- End Single Item -->\r\n                               \t\t                                <!-- Single Item -->\r\n\t                                <div class=\"gallery-item\">\r\n\t                                    <div class=\"gallery-style-two\">\r\n\t                                    \t\t                                        \t<img decoding=\"async\" src=\"https:\/\/erboryalitim.com\/wp-content\/uploads\/2025\/02\/Kars-Harakani-Hava-Limani.jpg\" alt=\"Erbor Yal\u0131t\u0131m\">\r\n\t                                        \t                                        \t                                        <div class=\"overlay\">\r\n\t                                            <div class=\"content\">\r\n\t                                                <span>End\u00fcstriyel su depolar\u0131nda s\u0131cakl\u0131k kontrol\u00fc ve izolasyon.<\/span>\r\n\t                                                <h4><a href=\"#\">Kars Harakani Hava Liman\u0131 \u2013 Su Tanklar\u0131 Poli\u00fcretan K\u00f6p\u00fck Uygulamas\u0131<\/a><\/h4>\r\n\t                                            <\/div>\r\n\t                                        <\/div>\r\n\t                                    <\/div>\r\n\t                                <\/div>\r\n\t                                <!-- End Single Item -->\r\n                               \t\t                                <!-- Single Item -->\r\n\t                                <div class=\"gallery-item\">\r\n\t                                    <div class=\"gallery-style-two\">\r\n\t                                    \t\t                                        \t<img decoding=\"async\" src=\"https:\/\/erboryalitim.com\/wp-content\/uploads\/2025\/02\/Van-Edremit-Villalari.jpg\" alt=\"Erbor Yal\u0131t\u0131m\">\r\n\t                                        \t                                        \t                                        <div class=\"overlay\">\r\n\t                                            <div class=\"content\">\r\n\t                                                <span>Villalarda enerji tasarrufunu art\u0131ran profesyonel yal\u0131t\u0131m.<\/span>\r\n\t                                                <h4><a href=\"#\">Van Edremit Villalar\u0131 \u2013 Tavan K\u00f6p\u00fck Uygulamas\u0131<\/a><\/h4>\r\n\t                                            <\/div>\r\n\t                                        <\/div>\r\n\t                                    <\/div>\r\n\t                                <\/div>\r\n\t                                <!-- End Single Item -->\r\n                               \t\t                                <!-- Single Item -->\r\n\t                                <div class=\"gallery-item\">\r\n\t                                    <div class=\"gallery-style-two\">\r\n\t                                    \t\t                                        \t<img decoding=\"async\" src=\"https:\/\/erboryalitim.com\/wp-content\/uploads\/2025\/02\/Van-Mollakasim-Villalar.webp\" alt=\"Erbor Yal\u0131t\u0131m\">\r\n\t                                        \t                                        \t                                        <div class=\"overlay\">\r\n\t                                            <div class=\"content\">\r\n\t                                                <span>Borlu yal\u0131t\u0131m ile s\u00fcrd\u00fcr\u00fclebilir ve g\u00fcvenli izolasyon.<\/span>\r\n\t                                                <h4><a href=\"#\">Van Mollakas\u0131m Villalar \u2013 Tavan Bor Uygulamas\u0131<\/a><\/h4>\r\n\t                                            <\/div>\r\n\t                                        <\/div>\r\n\t                                    <\/div>\r\n\t                                <\/div>\r\n\t                                <!-- End Single Item -->\r\n                               \t\t                                <!-- Single Item -->\r\n\t                                <div class=\"gallery-item\">\r\n\t                                    <div class=\"gallery-style-two\">\r\n\t                                    \t\t                                        \t<img decoding=\"async\" src=\"https:\/\/erboryalitim.com\/wp-content\/uploads\/2025\/02\/Ercis-Sineklioglu-Nalbantoglu-Ercis-Atavan-Insaat.jpeg\" alt=\"Erbor Yal\u0131t\u0131m\">\r\n\t                                        \t                                        \t                                        <div class=\"overlay\">\r\n\t                                            <div class=\"content\">\r\n\t                                                <span>Binalar\u0131n uzun \u00f6m\u00fcrl\u00fc ve etkili yal\u0131t\u0131m \u00e7\u00f6z\u00fcmleriyle korunmas\u0131.<\/span>\r\n\t                                                <h4><a href=\"#\">Erci\u015f Sineklio\u011flu, Nalbanto\u011flu, Erci\u015f Atavan \u0130n\u015faat \u2013 Yal\u0131t\u0131m Uygulamalar\u0131<\/a><\/h4>\r\n\t                                            <\/div>\r\n\t                                        <\/div>\r\n\t                                    <\/div>\r\n\t                                <\/div>\r\n\t                                <!-- End Single Item -->\r\n                               \t\t                                <!-- Single Item -->\r\n\t                                <div class=\"gallery-item\">\r\n\t                                    <div class=\"gallery-style-two\">\r\n\t                                    \t\t                                        \t<img decoding=\"async\" src=\"https:\/\/erboryalitim.com\/wp-content\/uploads\/2025\/02\/Van-Turk-Telekom.jpg\" alt=\"Erbor Yal\u0131t\u0131m\">\r\n\t                                        \t                                        \t                                        <div class=\"overlay\">\r\n\t                                            <div class=\"content\">\r\n\t                                                <span>Telekom\u00fcnikasyon altyap\u0131s\u0131nda maksimum yal\u0131t\u0131m performans\u0131.<\/span>\r\n\t                                                <h4><a href=\"#\">Van T\u00fcrk Telekom \u2013 Borlu K\u00f6p\u00fck Uygulamas\u0131<\/a><\/h4>\r\n\t                                            <\/div>\r\n\t                                        <\/div>\r\n\t                                    <\/div>\r\n\t                                <\/div>\r\n\t                                <!-- End Single Item -->\r\n                               \t\t                                <!-- Single Item -->\r\n\t                                <div class=\"gallery-item\">\r\n\t                                    <div class=\"gallery-style-two\">\r\n\t                                    \t\t                                        \t<img decoding=\"async\" src=\"https:\/\/erboryalitim.com\/wp-content\/uploads\/2025\/02\/Sanat-Sokagi-Is-Merkezi.jpg\" alt=\"Erbor Yal\u0131t\u0131m\">\r\n\t                                        \t                                        \t                                        <div class=\"overlay\">\r\n\t                                            <div class=\"content\">\r\n\t                                                <span>\u0130\u015f merkezlerinde verimli ve s\u00fcrd\u00fcr\u00fclebilir yal\u0131t\u0131m \u00e7\u00f6z\u00fcmleri.<\/span>\r\n\t                                                <h4><a href=\"#\">Sanat Soka\u011f\u0131 \u0130\u015f Merkezi \u2013 Komple Yal\u0131t\u0131m Uygulamas\u0131<\/a><\/h4>\r\n\t                                            <\/div>\r\n\t                                        <\/div>\r\n\t                                    <\/div>\r\n\t                                <\/div>\r\n\t                                <!-- End Single Item -->\r\n                               \t                            <\/div>\r\n                        <\/div>\r\n\r\n                                            <\/div>\r\n                <\/div>\r\n            <\/div>\r\n        <\/div>\r\n    <\/div>\r\n    <!-- End Project Style Two -->\r\n\r\n\t\t\t\t\t<\/div>\n\t\t\t\t<\/div>\n\t\t\t\t\t<\/div>\n\t\t<\/div>\n\t\t\t\t\t<\/div>\n\t\t<\/section>\n\t\t\t\t<\/div>\n\t\t","protected":false},"excerpt":{"rendered":"<p>Dayan\u0131kl\u0131, g\u00fcvenli ve enerji tasarruflu yal\u0131t\u0131m uygulamalar\u0131m\u0131zla sekt\u00f6rde fark yarat\u0131yoruz. Tamamlanan Projelerimiz ! E\u011fitim kurumlar\u0131 i\u00e7in uzun \u00f6m\u00fcrl\u00fc ve dayan\u0131kl\u0131 yal\u0131t\u0131m \u00e7\u00f6z\u00fcmleri. Do\u011fubayaz\u0131t \u00c7oktin Lisesi \u2013 Poli\u00fcretan K\u00f6p\u00fck Uygulamas\u0131 Kamu binalar\u0131nda \u0131s\u0131 ve ses yal\u0131t\u0131m\u0131nda \u00fcst\u00fcn performans. A\u011fr\u0131 Emniyet M\u00fcd\u00fcrl\u00fc\u011f\u00fc \u00d6zel Harekat \u2013 K\u00f6p\u00fck Uygulamas\u0131 Zorlu hava ko\u015fullar\u0131na dayan\u0131kl\u0131 izolasyon \u00e7\u00f6z\u00fcmleri. Kars Sar\u0131kam\u0131\u015f Kayak Merkezi&#8230;<\/p>\n","protected":false},"author":1,"featured_media":0,"parent":0,"menu_order":0,"comment_status":"closed","ping_status":"closed","template":"elementor_header_footer","meta":{"footnotes":""},"class_list":["post-1735","page","type-page","status-publish","hentry"],"_links":{"self":[{"href":"https:\/\/erboryalitim.com\/index.php\/wp-json\/wp\/v2\/pages\/1735","targetHints":{"allow":["GET"]}}],"collection":[{"href":"https:\/\/erboryalitim.com\/index.php\/wp-json\/wp\/v2\/pages"}],"about":[{"href":"https:\/\/erboryalitim.com\/index.php\/wp-json\/wp\/v2\/types\/page"}],"author":[{"embeddable":true,"href":"https:\/\/erboryalitim.com\/index.php\/wp-json\/wp\/v2\/users\/1"}],"replies":[{"embeddable":true,"href":"https:\/\/erboryalitim.com\/index.php\/wp-json\/wp\/v2\/comments?post=1735"}],"version-history":[{"count":14,"href":"https:\/\/erboryalitim.com\/index.php\/wp-json\/wp\/v2\/pages\/1735\/revisions"}],"predecessor-version":[{"id":2866,"href":"https:\/\/erboryalitim.com\/index.php\/wp-json\/wp\/v2\/pages\/1735\/revisions\/2866"}],"wp:attachment":[{"href":"https:\/\/erboryalitim.com\/index.php\/wp-json\/wp\/v2\/media?parent=1735"}],"curies":[{"name":"wp","href":"https:\/\/api.w.org\/{rel}","templated":true}]}}