{"id":205,"date":"2023-07-29T15:37:49","date_gmt":"2023-07-29T15:37:49","guid":{"rendered":"https:\/\/validthemes.net\/themeforest\/wp\/consua\/?page_id=205"},"modified":"2025-03-04T00:55:37","modified_gmt":"2025-03-04T00:55:37","slug":"about-us","status":"publish","type":"page","link":"https:\/\/erboryalitim.com\/index.php\/about-us\/","title":{"rendered":"Hakk\u0131m\u0131zda"},"content":{"rendered":"\t\t<div data-elementor-type=\"wp-page\" data-elementor-id=\"205\" class=\"elementor elementor-205\">\n\t\t\t\t\t\t<section class=\"elementor-section elementor-top-section elementor-element elementor-element-75e4aee elementor-section-full_width elementor-section-height-default elementor-section-height-default\" data-id=\"75e4aee\" data-element_type=\"section\">\n\t\t\t\t\t\t<div class=\"elementor-container elementor-column-gap-no\">\n\t\t\t\t\t<div class=\"elementor-column elementor-col-100 elementor-top-column elementor-element elementor-element-456b3bf\" data-id=\"456b3bf\" data-element_type=\"column\">\n\t\t\t<div class=\"elementor-widget-wrap elementor-element-populated\">\n\t\t\t\t\t\t<div class=\"elementor-element elementor-element-212fbe2 elementor-widget elementor-widget-consua_about_content\" data-id=\"212fbe2\" data-element_type=\"widget\" data-widget_type=\"consua_about_content.default\">\n\t\t\t\t<div class=\"elementor-widget-container\">\n\t\t\t\t\t\r\n\t<!-- Start About Style One\r\n    ============================================= -->\r\n    <div class=\"about-style-one-area default-padding\">\r\n        <div class=\"shape-animated-left\">\r\n        \t            \t<img decoding=\"async\" src=\"https:\/\/validthemes.net\/themeforest\/wp\/consua\/wp-content\/uploads\/2023\/08\/anim-1.png\" alt=\"Erbor Yal\u0131t\u0131m\">\r\n                                    \t<img decoding=\"async\" src=\"https:\/\/validthemes.net\/themeforest\/wp\/consua\/wp-content\/uploads\/2023\/08\/anim-2.png\" alt=\"Erbor Yal\u0131t\u0131m\">\r\n                    <\/div>\r\n        <div class=\"container\">\r\n            <div class=\"row align-center\">\r\n                <div class=\"about-style-one col-xl-6 col-lg-5\">\r\n                    <div class=\"h4 sub-heading\">G\u00fc\u00e7l\u00fc, Dayan\u0131kl\u0131 ve Etkili Yal\u0131t\u0131m!<\/div>\r\n                    <h2 class=\"title mb-25\">Borlu Poli\u00fcretan K\u00f6p\u00fck ile \u00dcst\u00fcn Is\u0131, Ses ve Yang\u0131n Yal\u0131t\u0131m\u0131<\/h2>\r\n                    <p>\r\n                       Borlu poli\u00fcretan k\u00f6p\u00fck, geleneksel yal\u0131t\u0131m malzemelerine k\u0131yasla y\u00fcksek \u0131s\u0131 ge\u00e7irgenlik direnci, m\u00fckemmel ses izolasyonu ve g\u00fc\u00e7l\u00fc yang\u0131n dayan\u0131m\u0131 sunar. Dayan\u0131kl\u0131, uzun \u00f6m\u00fcrl\u00fc ve enerji tasarruflu yap\u0131s\u0131yla end\u00fcstriyel ve bina yal\u0131t\u0131m\u0131nda en etkili \u00e7\u00f6z\u00fcmlerden biridir.                    <\/p>\r\n                    <div class=\"owner-info\">\r\n                    \t\t                        <div class=\"left-info\">\r\n\t                        \t<h4>R\u0131dvan Erse\u00e7kin<\/h4>\n<span>Kurucu<\/span>\t                        <\/div>\r\n                    \t                                            <\/div>\r\n                <\/div>\r\n                <div class=\"about-style-one col-xl-5 offset-xl-1 col-lg-6 offset-lg-1\">\r\n                    <div class=\"about-thumb\">\r\n                        <img decoding=\"async\" class=\"wow fadeInRight\" src=\"https:\/\/starerbor.com\/wp-content\/uploads\/2025\/02\/anasayfa-resim.jpg\" alt=\"Erbor Yal\u0131t\u0131m\">\r\n                        <div class=\"about-card wow fadeInUp\" data-wow-delay=\"500ms\">\r\n                            <ul>\r\n                            \t\t                                <li>\r\n\t                                    <div class=\"icon\">\r\n\t                                        \t\t\t\t\t\t                        <i class=\"flaticon-license\"><\/i>\r\n\t\t\t\t\t\t\t                    \t\t\t\t\t\t                    \t\t\t\t\t\t                    \t                                    <\/div>\r\n\t                                    <div class=\"fun-fact\">\r\n\t                                        <div class=\"counter\">\r\n\t                                            <div class=\"timer\" data-to=\"100\" data-speed=\"2000\">100<\/div>\r\n\t                                            <div class=\"operator\">%<\/div>\r\n\t                                        <\/div>\r\n\t                                        <span class=\"medium\">Memnuniyet<\/span>\r\n\t                                    <\/div>\r\n\t                                <\/li>\r\n                                \t                                <li>\r\n\t                                    <div class=\"icon\">\r\n\t                                        \t\t\t\t\t\t                        <i class=\"flaticon-global\"><\/i>\r\n\t\t\t\t\t\t\t                    \t\t\t\t\t\t                    \t\t\t\t\t\t                    \t                                    <\/div>\r\n\t                                    <div class=\"fun-fact\">\r\n\t                                        <div class=\"counter\">\r\n\t                                            <div class=\"timer\" data-to=\"550\" data-speed=\"2000\">550<\/div>\r\n\t                                            <div class=\"operator\">+<\/div>\r\n\t                                        <\/div>\r\n\t                                        <span class=\"medium\">Ba\u015far\u0131l\u0131 Proje\n<\/span>\r\n\t                                    <\/div>\r\n\t                                <\/li>\r\n                                                                \r\n                            <\/ul>\r\n                        <\/div>\r\n                        <div class=\"thumb-shape-bottom wow fadeInDown\" data-wow-delay=\"300ms\">\r\n                        \t                           \t\t<img decoding=\"async\" src=\"https:\/\/validthemes.net\/themeforest\/wp\/consua\/wp-content\/uploads\/2023\/08\/anim-3.png\" alt=\"Erbor Yal\u0131t\u0131m\">\r\n                       \t\t                       \t\t            \t\t\t\t\t<img decoding=\"async\" src=\"https:\/\/validthemes.net\/themeforest\/wp\/consua\/wp-content\/uploads\/2023\/08\/anim-4.png\" alt=\"Erbor Yal\u0131t\u0131m\">\r\n            \t\t\t\t                        <\/div>\r\n                    <\/div>\r\n                <\/div>\r\n            <\/div>\r\n        <\/div>\r\n    <\/div>\r\n    <!-- End  About Style One -->\r\n\r\n\t\t\t\t\t<\/div>\n\t\t\t\t<\/div>\n\t\t\t\t\t<\/div>\n\t\t<\/div>\n\t\t\t\t\t<\/div>\n\t\t<\/section>\n\t\t\t\t<section class=\"elementor-section elementor-top-section elementor-element elementor-element-fd8a8bb elementor-section-boxed elementor-section-height-default elementor-section-height-default\" data-id=\"fd8a8bb\" data-element_type=\"section\">\n\t\t\t\t\t\t<div class=\"elementor-container elementor-column-gap-default\">\n\t\t\t\t\t<div class=\"elementor-column elementor-col-50 elementor-top-column elementor-element elementor-element-f7624fc\" data-id=\"f7624fc\" data-element_type=\"column\">\n\t\t\t<div class=\"elementor-widget-wrap elementor-element-populated\">\n\t\t\t\t\t\t<div class=\"elementor-element elementor-element-ea6d2c3 elementor-widget elementor-widget-image\" data-id=\"ea6d2c3\" data-element_type=\"widget\" data-widget_type=\"image.default\">\n\t\t\t\t<div class=\"elementor-widget-container\">\n\t\t\t\t\t\t\t\t\t\t\t\t\t\t\t<img fetchpriority=\"high\" decoding=\"async\" width=\"1000\" height=\"941\" src=\"https:\/\/erboryalitim.com\/wp-content\/uploads\/2025\/02\/test.avif\" class=\"attachment-1536x1536 size-1536x1536 wp-image-2642\" alt=\"\" srcset=\"https:\/\/erboryalitim.com\/wp-content\/uploads\/2025\/02\/test.avif 1000w, https:\/\/erboryalitim.com\/wp-content\/uploads\/2025\/02\/test-300x282.avif 300w, https:\/\/erboryalitim.com\/wp-content\/uploads\/2025\/02\/test-768x723.avif 768w\" sizes=\"(max-width: 1000px) 100vw, 1000px\" \/>\t\t\t\t\t\t\t\t\t\t\t\t\t\t\t<\/div>\n\t\t\t\t<\/div>\n\t\t\t\t\t<\/div>\n\t\t<\/div>\n\t\t\t\t<div class=\"elementor-column elementor-col-50 elementor-top-column elementor-element elementor-element-263edf7\" data-id=\"263edf7\" data-element_type=\"column\">\n\t\t\t<div class=\"elementor-widget-wrap elementor-element-populated\">\n\t\t\t\t\t\t<div class=\"elementor-element elementor-element-f506e87 elementor-widget elementor-widget-text-editor\" data-id=\"f506e87\" data-element_type=\"widget\" data-widget_type=\"text-editor.default\">\n\t\t\t\t<div class=\"elementor-widget-container\">\n\t\t\t\t\t\t\t\t\t<p>Erbor Yal\u0131t\u0131m\u2019\u0131n kurucusu <strong data-start=\"40\" data-end=\"59\">R\u0131dvan Erse\u00e7kin<\/strong>, Van do\u011fumlu olup e\u011fitim hayat\u0131n\u0131 Kocaeli ve Denizli\u2019de tamamlam\u0131\u015ft\u0131r. Kocaeli\u2019de lise e\u011fitimini ald\u0131ktan sonra, memleketine fayda sa\u011flama hedefiyle i\u015fini do\u011fup b\u00fcy\u00fcd\u00fc\u011f\u00fc topraklara ta\u015f\u0131m\u0131\u015ft\u0131r. Erbor Yal\u0131t\u0131m olarak, <strong data-start=\"271\" data-end=\"306\">borlu poli\u00fcretan k\u00f6p\u00fck yal\u0131t\u0131m\u0131<\/strong> alan\u0131nda profesyonel \u00e7\u00f6z\u00fcmler sunarak enerji tasarrufu, dayan\u0131kl\u0131l\u0131k ve g\u00fcvenlik sa\u011flayan yenilik\u00e7i hizmetler sunmaktay\u0131z. G\u00fc\u00e7l\u00fc yal\u0131t\u0131m sistemlerimizle sekt\u00f6r\u00fcn \u00f6nc\u00fcs\u00fc olmay\u0131 hedefliyoruz.<\/p><h3 data-start=\"0\" data-end=\"20\"><strong data-start=\"4\" data-end=\"18\">Vizyonumuz<\/strong><\/h3><p data-start=\"21\" data-end=\"271\">Yal\u0131t\u0131m sekt\u00f6r\u00fcnde <strong data-start=\"40\" data-end=\"80\">yenilik\u00e7i ve s\u00fcrd\u00fcr\u00fclebilir \u00e7\u00f6z\u00fcmler<\/strong> sunarak, <strong data-start=\"90\" data-end=\"128\">borlu poli\u00fcretan k\u00f6p\u00fck teknolojisi<\/strong> ile enerji tasarrufu ve g\u00fcvenli\u011fi en \u00fcst seviyeye \u00e7\u0131karmak. <strong data-start=\"189\" data-end=\"248\">T\u00fcrkiye\u2019nin ve d\u00fcnyan\u0131n \u00f6nc\u00fc yal\u0131t\u0131m markalar\u0131ndan biri<\/strong> olmay\u0131 hedefliyoruz.<\/p><h3 data-start=\"273\" data-end=\"293\"><strong data-start=\"277\" data-end=\"291\">Misyonumuz<\/strong><\/h3><p data-start=\"294\" data-end=\"565\" data-is-last-node=\"\" data-is-only-node=\"\">M\u00fc\u015fterilerimize <strong data-start=\"310\" data-end=\"360\">y\u00fcksek kalite ve uzun \u00f6m\u00fcrl\u00fc yal\u0131t\u0131m \u00e7\u00f6z\u00fcmleri<\/strong> sunarak <strong data-start=\"369\" data-end=\"400\">\u0131s\u0131, ses ve yang\u0131n yal\u0131t\u0131m\u0131<\/strong> alan\u0131nda fark yaratmak. <strong data-start=\"425\" data-end=\"463\">\u00c7evre dostu, dayan\u0131kl\u0131 ve ekonomik<\/strong> \u00e7\u00f6z\u00fcmler geli\u015ftirerek, <strong data-start=\"487\" data-end=\"547\">binalarda ve end\u00fcstriyel tesislerde verimlili\u011fi art\u0131rmak<\/strong> i\u00e7in \u00e7al\u0131\u015f\u0131yoruz.<\/p>\t\t\t\t\t\t\t\t<\/div>\n\t\t\t\t<\/div>\n\t\t\t\t\t<\/div>\n\t\t<\/div>\n\t\t\t\t\t<\/div>\n\t\t<\/section>\n\t\t\t\t<section class=\"elementor-section elementor-top-section elementor-element elementor-element-fe5d037 elementor-section-boxed elementor-section-height-default elementor-section-height-default\" data-id=\"fe5d037\" data-element_type=\"section\">\n\t\t\t\t\t\t<div class=\"elementor-container elementor-column-gap-default\">\n\t\t\t\t\t<div class=\"elementor-column elementor-col-100 elementor-top-column elementor-element elementor-element-79e2c9d\" data-id=\"79e2c9d\" data-element_type=\"column\">\n\t\t\t<div class=\"elementor-widget-wrap elementor-element-populated\">\n\t\t\t\t\t\t<div class=\"elementor-element elementor-element-d2503f0 elementor-widget elementor-widget-consua_service_brochure\" data-id=\"d2503f0\" data-element_type=\"widget\" data-widget_type=\"consua_service_brochure.default\">\n\t\t\t\t<div class=\"elementor-widget-container\">\n\t\t\t\t\t    <!-- Start Service Brochure\r\n    ============================================= -->\r\n    <div class=\"single-widget widget-brochure\">\r\n        <h4 class=\"widget-title\">Sertifika &amp; Belgeler<\/h4>\r\n        <ul>\r\n\r\n        \t            <li>\r\n            \t<a href=\"https:\/\/starerbor.com\/wp-content\/uploads\/2025\/02\/BRIMAN-ISO-200-MSDS-.pdf\"><i class=\"fas fa-file-pdf\"><\/i> BRIMAN ISO-200 <\/a>\r\n            <\/li>\r\n                        <li>\r\n            \t<a href=\"https:\/\/starerbor.com\/wp-content\/uploads\/2025\/02\/LANDA-TEST-REPORT.pdf\"><i class=\"fas fa-file-pdf\"><\/i> LANDA TEST REPORT <\/a>\r\n            <\/li>\r\n                        <li>\r\n            \t<a href=\"https:\/\/starerbor.com\/wp-content\/uploads\/2025\/02\/MSDS-BRIMAN-SFPOLY-330-PLUS-B2.pdf\"><i class=\"fas fa-file-pdf\"><\/i> MATERIAL SAFETY DATA SHEET <\/a>\r\n            <\/li>\r\n                        <li>\r\n            \t<a href=\"https:\/\/starerbor.com\/wp-content\/uploads\/2025\/02\/TDS-Briman-ISO-200.pdf\"><i class=\"fas fa-file-pdf\"><\/i> TDS Briman ISO 200 <\/a>\r\n            <\/li>\r\n                        <li>\r\n            \t<a href=\"https:\/\/starerbor.com\/wp-content\/uploads\/2025\/02\/TDS-BRIMAN-SFPOLY-330-PLUS-B2.pdf\"><i class=\"fas fa-file-pdf\"><\/i> TDS BRIMAN SFPOLY-330-PLUS B2 <\/a>\r\n            <\/li>\r\n                        <li>\r\n            \t<a href=\"https:\/\/starerbor.com\/wp-content\/uploads\/2025\/02\/WhatsApp-Image-2025-02-21-at-20.39.12.jpeg\"><i class=\"fas fa-file-pdf\"><\/i> Muayene Ve Deney Raporu <\/a>\r\n            <\/li>\r\n                        <li>\r\n            \t<a href=\"https:\/\/starerbor.com\/wp-content\/uploads\/2025\/02\/WhatsApp-Image-2025-02-22-at-14.57.10.jpeg\"><i class=\"fas fa-file-pdf\"><\/i> Sertifika 1 <\/a>\r\n            <\/li>\r\n                        <li>\r\n            \t<a href=\"https:\/\/starerbor.com\/wp-content\/uploads\/2025\/02\/WhatsApp-Image-2025-02-22-at-14.57.47.jpeg\"><i class=\"fas fa-file-pdf\"><\/i> Kurs Bitirme Belgesi <\/a>\r\n            <\/li>\r\n                        <li>\r\n            \t<a href=\"https:\/\/starerbor.com\/wp-content\/uploads\/2025\/02\/WhatsApp-Image-2025-02-22-at-14.59.19-1.jpeg\"><i class=\"fas fa-file-pdf\"><\/i> E\u011fitim Kat\u0131l\u0131m Sertifikas\u0131 <\/a>\r\n            <\/li>\r\n                        <li>\r\n            \t<a href=\"https:\/\/starerbor.com\/wp-content\/uploads\/2025\/02\/YANMAZLIK-B2-PDF.pdf\"><i class=\"fas fa-file-pdf\"><\/i> YANMAZLIK B2 <\/a>\r\n            <\/li>\r\n                    <\/ul>\r\n    <\/div>\r\n    <!-- End Service Brochure -->\r\n\t\t\t\t\t<\/div>\n\t\t\t\t<\/div>\n\t\t\t\t\t<\/div>\n\t\t<\/div>\n\t\t\t\t\t<\/div>\n\t\t<\/section>\n\t\t\t\t<\/div>\n\t\t","protected":false},"excerpt":{"rendered":"<p>G\u00fc\u00e7l\u00fc, Dayan\u0131kl\u0131 ve Etkili Yal\u0131t\u0131m! Borlu Poli\u00fcretan K\u00f6p\u00fck ile \u00dcst\u00fcn Is\u0131, Ses ve Yang\u0131n Yal\u0131t\u0131m\u0131 Borlu poli\u00fcretan k\u00f6p\u00fck, geleneksel yal\u0131t\u0131m malzemelerine k\u0131yasla y\u00fcksek \u0131s\u0131 ge\u00e7irgenlik direnci, m\u00fckemmel ses izolasyonu ve g\u00fc\u00e7l\u00fc yang\u0131n dayan\u0131m\u0131 sunar. Dayan\u0131kl\u0131, uzun \u00f6m\u00fcrl\u00fc ve enerji tasarruflu yap\u0131s\u0131yla end\u00fcstriyel ve bina yal\u0131t\u0131m\u0131nda en etkili \u00e7\u00f6z\u00fcmlerden biridir. R\u0131dvan Erse\u00e7kin Kurucu 100 % Memnuniyet&#8230;<\/p>\n","protected":false},"author":1,"featured_media":0,"parent":0,"menu_order":0,"comment_status":"closed","ping_status":"closed","template":"elementor_header_footer","meta":{"footnotes":""},"class_list":["post-205","page","type-page","status-publish","hentry"],"_links":{"self":[{"href":"https:\/\/erboryalitim.com\/index.php\/wp-json\/wp\/v2\/pages\/205","targetHints":{"allow":["GET"]}}],"collection":[{"href":"https:\/\/erboryalitim.com\/index.php\/wp-json\/wp\/v2\/pages"}],"about":[{"href":"https:\/\/erboryalitim.com\/index.php\/wp-json\/wp\/v2\/types\/page"}],"author":[{"embeddable":true,"href":"https:\/\/erboryalitim.com\/index.php\/wp-json\/wp\/v2\/users\/1"}],"replies":[{"embeddable":true,"href":"https:\/\/erboryalitim.com\/index.php\/wp-json\/wp\/v2\/comments?post=205"}],"version-history":[{"count":12,"href":"https:\/\/erboryalitim.com\/index.php\/wp-json\/wp\/v2\/pages\/205\/revisions"}],"predecessor-version":[{"id":2883,"href":"https:\/\/erboryalitim.com\/index.php\/wp-json\/wp\/v2\/pages\/205\/revisions\/2883"}],"wp:attachment":[{"href":"https:\/\/erboryalitim.com\/index.php\/wp-json\/wp\/v2\/media?parent=205"}],"curies":[{"name":"wp","href":"https:\/\/api.w.org\/{rel}","templated":true}]}}